{"id":2,"date":"2020-02-24T14:37:54","date_gmt":"2020-02-24T14:37:54","guid":{"rendered":"http:\/\/www.majorlabel.biz\/?page_id=2"},"modified":"2020-02-24T19:04:28","modified_gmt":"2020-02-24T19:04:28","slug":"ueber-uns","status":"publish","type":"page","link":"https:\/\/majorlabel.biz\/?page_id=2","title":{"rendered":"\u00dcber uns"},"content":{"rendered":"\n<p><strong>Seit nunmehr 20 Jahren bespielt das MAJOR LABEL die musikalischen Gefilde\u2026<\/strong> <\/p>\n\n\n\n<p>Mit der 220-fach gepressten LP &#8222;Warning Sign Ahead Of Time&#8220;, einer Vinylerstver\u00f6ffentlichung von Studio-Demoaufnahmen des ostdeutschen Postpunk-Wave-Geheimtipps STATE OF EMERGENCY trat das Label im Jahr 1998 ins Scheinwerferlicht der hiesigen Independent- und Punkszene, nicht ohne dem mit Konfirmationsgeld quersubventionierten Startup gleich einen ausreichend gro\u00dfspurigen Namen zu verpassen. Schon mit der Katalognummer 2 schlagen die Leipzig und Jena ans\u00e4ssigen audiophilen den Bogen in die alte Bundesrepublik nach M\u00f6nchengladbach und ver\u00f6ffentlichen mit dem EA80-Ableger SERENE FALL das Album &#8222;The Long March&#8220;. Postpunk, wahlweise auch D\u00fcsterpunk wird als unvermeidliches Schlagwort den Werdegang des mit Hingabe und Sturheit gef\u00fchrten Labels f\u00fcr immer begleiten. In der Folgezeit ver\u00f6ffentlichte das Duo Infernale zun\u00e4chst langsam, aber best\u00e4ndig in kleinen Auflagen Tontr\u00e4ger mit hohem Anspruch an musikalische Qualit\u00e4t und Aufmachung, \u00fcberwiegend im Vinylformat erscheinend, und richtet zus\u00e4tzlich einen Mailorder ein. Das uneitle Arbeitsethos der Majore spricht sich herum, so k\u00f6nnen die zumindest noch per Muttermilch als &#8222;Born in the GDR&#8220; Geadelten bald erste Ver\u00f6ffentlichungen mit der Ost-Underground-Gr\u00f6\u00dfe DIE ART und deren Seitenausl\u00e4ufern WISSMUT verbuchen. Ferner gibt es Wiederauflagen von Kult-DDR-Punkbands wie L&#8217;ATTENTAT, PARANOIA oder KALTFRONT. Doch auch die Westfront ruft. Mit der Vinylauflage von KOMMANDO SONNE-NMILCHs Deb\u00fctalbum &#8222;H\u00e4\u00dflich + Neu&#8220; wird die vertrauensvolle   Zusammenarbeit mit dem Hamburger Punk- und Subkulturschrat JENSR ACHUT begr\u00fcndet, bevor mit den Depro-\u00dcberpunks und CHAOS-Z Erbfolgern FLIEHENDE ST\u00dcRME die n\u00e4chste hochkar\u00e4tige Hitschmiede vor dem Major-HQ ankert. Das Rad dreht sich schneller und ein regul\u00e4rer Vertrieb muss den Keller leeren helfen. Mit den interdisziplin\u00e4ren Posthardcore-Epigonen GUTS PIE EARSHOT und deren Ausw\u00fcchsen schlie\u00dft sich ein weiterer subkultureller Think Tank dem Label an. Schaut man nur auf die offensichtlichen &#8222;Highlights&#8220;, die jetzt in immer k\u00fcrzeren Abst\u00e4nden folgen &#8211; ein Tributesampler an DIE GOLDENEN ZITRONEN, weitere KOMMANDO SONNE-NMILCH und FLIEHENDE ST\u00dcRME-Alben, ein BOXHAMSTERS-Best-Of, die SANDOW Doppel-Live-DVD, LEATHERFACE-Platten oder edle Siebdruck-Vinyleditionen von weiteren DIE ART-Alben, gewinnt man einen grundfalschen Eindruck. Parallel steht das MAJOR LABEL genau so engagiert als Supporter der lokalen Szene und Entdecker und F\u00f6rderer noch vollkommen unbekannter Bands ein. Eine Vinyl-Splitsingle-Serie in Kleinstauflage oder riskante Deb\u00fctalben mit Geheimtipps wie MONOZID oder PLEASED TO MEET U finden hier mit totaler Selbstverst\u00e4ndlichkeit nach wie vor &#8211; einfach statt. Geldverdienen sollen doch die anderen. Das Sublabel SUPER KARMIOKANDE DETECTOR, in der Fr\u00fchzeit nur gelegentliches Outlet f\u00fcr sogar im MAJOR-Kontext zu schrullige Projekte, steht seit 2012 verst\u00e4rkt f\u00fcr allgemeinen Punkrock ohne   offensichtliche D\u00fcster- und Avantgarde-Ambitionen, daf\u00fcr gerne mit ausdrucksstarken S\u00e4ngerinnen &#8211; und hat mit den Dresdner Freunden GOLDNER ANKER oder den Leipziger TROUBLEKID sowie zuletzt mit den Berlinern \u00dcberfliegern JOHNNIE ROOK eine weitere Schiene im Majorkosmos etabliert. Die dritte, n\u00e4mlich H\u00f6rbuch oder H\u00f6rspiel, seit 2007 er\u00f6ffnet durch die unvergleichlichen Serien &#8222;Der Seuchenprinz&#8220; und &#8222;Die Falle: Gott&#8220; von JENS RACHUT und JONAS LANDERSCHIER vermeldete zuletzt das f\u00fcr den deutschen H\u00f6rbuchpreis 2013 nominierte Epos &#8222;Im Feuer&#8220; \u00fcber und mit SANDOW. &#8222;Geld ist damit nat\u00fcrlich nicht zu verdienen. Sie tun auch konsequent alles, was das verhindert.&#8220; schrieb die Leipziger Volkszeitung ROB und EDDIE schon in fr\u00fchen Labeljahren ins Stammbuch. Das stimmt &#8211; trotzdem geh\u00f6rt das MAJOR LABEL im Jahr 2013, 15 Jahre nach seiner Gr\u00fcndung zu den erfolgreichsten Independentlabels des Landes. In einer sehr verl\u00e4sslichen W\u00e4hrung gemessen, die auf der   Steuererkl\u00e4rung niemals auftaucht. Und genau deshalb wird es weitergehen. Never say goodbye&#8230;<\/p>\n\n\n\n<p><strong>Text von Jan Apel<\/strong><\/p>\n","protected":false},"excerpt":{"rendered":"<p>Seit nunmehr 20 Jahren bespielt das MAJOR LABEL die musikalischen Gefilde\u2026 Mit der 220-fach gepressten LP &#8222;Warning Sign Ahead Of Time&#8220;, einer Vinylerstver\u00f6ffentlichung von Studio-Demoaufnahmen des ostdeutschen Postpunk-Wave-Geheimtipps STATE OF EMERGENCY trat das Label im Jahr 1998 ins Scheinwerferlicht der hiesigen Independent- und Punkszene, nicht ohne dem mit Konfirmationsgeld quersubventionierten Startup gleich einen ausreichend gro\u00dfspurigen &hellip; <\/p>\n<p class=\"link-more\"><a href=\"https:\/\/majorlabel.biz\/?page_id=2\" class=\"more-link\"><span class=\"screen-reader-text\">\u201e\u00dcber uns\u201c <\/span>weiterlesen<\/a><\/p>\n","protected":false},"author":1,"featured_media":81,"parent":0,"menu_order":0,"comment_status":"closed","ping_status":"closed","template":"","meta":{"footnotes":""},"class_list":["post-2","page","type-page","status-publish","has-post-thumbnail","hentry"],"_links":{"self":[{"href":"https:\/\/majorlabel.biz\/index.php?rest_route=\/wp\/v2\/pages\/2","targetHints":{"allow":["GET"]}}],"collection":[{"href":"https:\/\/majorlabel.biz\/index.php?rest_route=\/wp\/v2\/pages"}],"about":[{"href":"https:\/\/majorlabel.biz\/index.php?rest_route=\/wp\/v2\/types\/page"}],"author":[{"embeddable":true,"href":"https:\/\/majorlabel.biz\/index.php?rest_route=\/wp\/v2\/users\/1"}],"replies":[{"embeddable":true,"href":"https:\/\/majorlabel.biz\/index.php?rest_route=%2Fwp%2Fv2%2Fcomments&post=2"}],"version-history":[{"count":2,"href":"https:\/\/majorlabel.biz\/index.php?rest_route=\/wp\/v2\/pages\/2\/revisions"}],"predecessor-version":[{"id":68,"href":"https:\/\/majorlabel.biz\/index.php?rest_route=\/wp\/v2\/pages\/2\/revisions\/68"}],"wp:featuredmedia":[{"embeddable":true,"href":"https:\/\/majorlabel.biz\/index.php?rest_route=\/wp\/v2\/media\/81"}],"wp:attachment":[{"href":"https:\/\/majorlabel.biz\/index.php?rest_route=%2Fwp%2Fv2%2Fmedia&parent=2"}],"curies":[{"name":"wp","href":"https:\/\/api.w.org\/{rel}","templated":true}]}}